{"id":41288,"date":"2025-10-11T13:56:42","date_gmt":"2025-10-11T11:56:42","guid":{"rendered":"https:\/\/sassenflagg.org\/?page_id=41288"},"modified":"2026-03-21T12:18:43","modified_gmt":"2026-03-21T11:18:43","slug":"lizens","status":"publish","type":"page","link":"http:\/\/sassenflagg.org\/de\/lizens\/","title":{"rendered":"Lizenz"},"content":{"rendered":"\n<p>Hier\u00fcnner steit allens to de Lizens vun de Flagg un wat een beachten m\u00fctt, wenn een eer bruken will.<\/p>\n\n\n\n<p>De Sassenflagg is dat meensame Symbool vun Plattd\u00fc\u00fctsch|Neddersassisk un de plattd\u00fc\u00fctsche|neddersassiske Sprekergrupp. Se is 2013 vun <strong>Kevin Behrens<\/strong> opstellt worrn un steit \u00fcnner de Lizens CC BY-SA 4.0 Creative Commons <em>Naamsn\u00f6men \u2013 Weddergaav \u00fcnner des\u00fclvigen Bedingens<\/em>.<\/p>\n\n\n\n<p><span class=\"highlight\">Dat heet, dat se vree bruukt, wiest, druckt, ophangt, weddergeven un inbunnen warrn d\u00f6rv. F\u00f6r de meersten privaten Br\u00fc\u00fck m\u00f6\u00f6t Naam un Lizens nich angeven warrn, f\u00f6r offitschelle un kummertschelle Br\u00fc\u00fck woll. Meer to de V\u00f6rgaven steit \u00fcnnen. Se is oorheverrechtlich schuult un d\u00f6rv nich as Mark oder Logo registreert warrn. <\/span><\/p>\n\n\n\n<p>De <strong>Bunnsraat f\u00f6r Nedderd\u00fc\u00fctsch<\/strong> (BfN) (tosamen mit dat <em><strong>Nedderd\u00fc\u00fctschsekretariat<\/strong><\/em>) is de offitschelle Vertreder vun de plattd\u00fc\u00fctsche|neddersassiske Sprekergrupp un hannelt in de&#8217;eer Intress. He hett de Flagg 2025 as offitschelle Repr\u00e4sentatschoon vun Plattd\u00fc\u00fctsch|Neddersassisk un de plattd\u00fc\u00fctsche|neddersassiske Sprekergrupp w\u00e4\u00e4lt. Daarso hebbt de BfN un dat Nedderd\u00fc\u00fctschsekretariat dat duurhafte, uninschr\u00e4nkte, nich-exklusieve Bruukrecht an de Sassenflagg. Bloots de un de Oorhever s\u00fcnd daarmit generell vun de N\u00f6mensplicht uutnamen un k\u00f6\u00f6nt eer daarmit vree un offitschell in all Dom\u00e4nen bruken.<\/p>\n\n\n\n<p>De Lizens gifft een so an:<\/p>\n\n\n\n<p><strong><span class=\"highlight\">&#8220;Sassenflagg \u00a9 Bunnsraat f\u00f6r Nedderd\u00fc\u00fctsch \/ Kevin Behrens \u2013 Lizenz <a href=\"https:\/\/creativecommons.org\/licenses\/by-sa\/4.0\/\">CC BY-SA 4.0<\/a>\u201c.<\/span><\/strong><\/p>\n\n\n\n<p>oder ok<\/p>\n\n\n\n<p><strong><span class=\"highlight\">&#8220;Sassenflagg \u00a9 Bunnsraat f\u00f6r Nedderd\u00fc\u00fctsch \u2013 Lizenz <a href=\"https:\/\/creativecommons.org\/licenses\/by-sa\/4.0\/\">CC BY-SA 4.0<\/a>\u201c.<\/span><\/strong><\/p>\n\n\n\n<p>Wenn een sik nich op den Bunnsraat f\u00f6r Nedderd\u00fc\u00fctsch betrecken will, is d\u00fcsse Foorm ook tolaten:<\/p>\n\n\n\n<p><strong><span class=\"highlight\">&#8220;Sassenflagg \u00a9 Kevin Behrens \u2013 Lizenz <a href=\"https:\/\/creativecommons.org\/licenses\/by-sa\/4.0\/\">CC BY-SA 4.0<\/a>\u201c.<\/span><\/strong><\/p>\n\n\n\n<h3 class=\"wp-block-heading\">Anner Saken to beachten bi de N\u00f6mensplicht<\/h3>\n\n\n\n<p>Dat gifft ook anner L\u00fc\u00fcd un Br\u00fc\u00fck, de vun de N\u00f6mensplicht uutnamen s\u00fcnd.<br>&gt; Is de Bruuk <strong>privaat <\/strong>un <strong>symboolsch <\/strong>oder <strong>dekoratiev <\/strong>(privaat Hissen vun de Flagg, Teken an de Kledaasch oder de Flagg as l\u00fctten Tosats op dat Profielbild etc.), m\u00f6\u00f6t de Oorhever un Lizens nich n\u00f6\u00f6mt warrn. <\/p>\n\n\n\n<p>&gt; Wenn de Bruuk <strong>mediaal <\/strong>oder <strong>wetenschopplich <\/strong>is, warrt de N\u00f6men un Lizens d\u00fc\u00fcdlich w\u00fcnscht. <\/p>\n\n\n\n<p>&gt; Wenn de Flagg <strong>offitschell <\/strong>oder <strong>kummertschell <\/strong>bruukt warrt, m\u00fctt de Lizens in een &#8220;an de Situatschoon anpasste Maneer&#8221; angeven warrn. Dat heet: Wo dat as Tosats passen deit, in Drucksaken oder Websteden, m\u00f6\u00f6t de Naam un Lizens angeven warrn, to\u2018n Bispell in en Vootnoot, Bild\u00fcnnerschrift oder dat Bornverteeknis. Daar, wo de Angaav meist unm\u00f6\u00f6glich is (t. B. wenn keen Plats f\u00f6r de N\u00f6men daar is, as bi en offitschelle Hissen vun de Flagg bi en Beh\u00f6\u00f6rd), kann dorvun afseen warrn.<\/p>\n\n\n\n<p>&gt; Wenn de Flagg en d\u00fc\u00fcdlichen Deel vun en <strong>Verkoopsprodukt <\/strong>is (t. B. en Sticken mit de Flagg op), m\u00fctt de Naam un de Lizens an en egente Steed angeven warrn, to&#8217;n Bispell \u00fcnner dat Produktbild oder den Verkoopstext. <\/p>\n\n\n\n<p>&gt; Een m\u00fctt den Naam un de Lizens nich angeven, wenn de Flagg as <strong>l\u00fctt Icon<\/strong> oder <strong>Beteken <\/strong>f\u00f6r de Spraak bi \u00d6versettens, Henwiesens f\u00f6r Spraakutwaal, Websteedfavicons, Achtergrundelementen oder Men\u00fcsymbolen bruukt warrt. Dat gellt ook f\u00f6r anner sekund\u00e4re Sinnen, to\u2019n Bispell Navigatschoon oder Orienteren, wenn een de Flagg hier in l\u00fctte Gr\u00f6tt bruken deit. Is se en Deel vun en gr\u00f6tter Design un steit d\u00fc\u00fcdlich nich in\u2019n Fokus daarvun, kann een ook vun de N\u00f6men afseen. <\/p>\n\n\n\n<p>&gt; Warrt de Flagg <strong>afwannelt <\/strong>oder <strong>bearbeidt<\/strong>, m\u00fctt dat ne&#8217;e Produkt \u00fcnner des\u00fclvige Lizens as d\u00fcsse staan.<\/p>\n\n\n\n<h3 class=\"wp-block-heading\">Oorheverrecht<\/h3>\n\n\n\n<p>Dat Oorheverrecht warrt hiervun nich anraakt. Dat heet, wenn een de Flagg so ver\u00e4nnert, verf\u00e4lscht oder bruukt, dat se in eer Bed\u00fcden d\u00fc\u00fcdlich vertrocken oder gegen den egentlichen Sinn bruukt warrt un de Neutraliteet nich meer sekerstellt is (to&#8217;n Bispell f\u00f6r en extremistsche oder anti-demokraatsche Bottschopp), oder wenn dat den Oorhever oder den Oorsprung in en verkeert Licht r\u00fccken deit (to&#8217;n Bispell den Kuntext vun de Flagg verkeert ben\u00f6\u00f6mt, so as &#8220;Teken vun de [v\u00f6lksche un antisemietsche] nedderd\u00fc\u00fctsche Bewegen&#8221; Anvang vun&#8217;t 20ste Jaarhunnerd), denn verst\u00f6tt dat gegen \u00a7 14 UrhG. Dats\u00fclvige gellt ook denn, wenn een f\u00e4lschlicherwies sien egen Copyright f\u00f6r de Flagg angeven oder den egentlichen Oorhever verbargen dee. Een kann ook keen kummertschell Copyright op de Flagg anmellen oder de Flagg as egen Mark indregen. Anner Gruppen, Institutschonen oder Personen k\u00f6\u00f6nt eer ook nich as de\u2019eer egen Logo uutgeven. D\u00fcsse Bruuk vun de Flagg bruukt de Tostimmen vun den Oorhever.<\/p>\n\n\n\n<p>Den helen Text f\u00f6r de regul\u00e4re Lizens aan d\u00fcsse Aflaatregeln vinnt een hier op D\u00fc\u00fctsch: <a href=\"https:\/\/creativecommons.org\/licenses\/by-sa\/4.0\/deed.de\">https:\/\/creativecommons.org\/licenses\/by-sa\/4.0\/deed.de<\/a> <\/p>\n\n\n\n<p>All Aflaatregeln vun baven, de \u00f6ver de CC BY-SA 4.0 Lizens ruutgaat, hebbt as apentliche Willensverklaren solang Bestand, as se hier op de Sied staat. Se gellt nich meer, wenn se vun de Sied namen s\u00fcnd oder sik d\u00fcsse Tosatsregeln \u00e4nnert. Ole Br\u00fc\u00fck na d\u00fcsse Regeln blievt hiervun unanraakt, wenn se sik \u00e4nnert hebben schullen.<\/p>\n\n\n\n<p>Du b\u00fcst di unseker, wat du allens richtig deist mit de Angaav vun de Lizens? Oder bruukst de Tostimmen vun den Oorhever?<br>Denn schriev uns doch geern an: <strong>kuntakt@sassenflagg.de<\/strong> oder <strong>info@niederdeutschsekretariat.de<\/strong>. &nbsp;&nbsp;&nbsp;&nbsp;&nbsp;&nbsp;&nbsp;&nbsp;&nbsp;&nbsp;&nbsp;&nbsp;&nbsp;<\/p>\n","protected":false},"excerpt":{"rendered":"<p>Hier\u00fcnner steit allens to de Lizens vun de Flagg un wat een beachten m\u00fctt, wenn een eer bruken will. De Sassenflagg is dat meensame Symbool vun Plattd\u00fc\u00fctsch|Neddersassisk un de plattd\u00fc\u00fctsche|neddersassiske Sprekergrupp. Se is 2013 vun Kevin Behrens opstellt worrn un steit \u00fcnner de Lizens CC BY-SA 4.0 Creative Commons Naamsn\u00f6men \u2013 Weddergaav \u00fcnner des\u00fclvigen Bedingens. [&hellip;]<\/p>\n","protected":false},"author":1,"featured_media":0,"parent":0,"menu_order":0,"comment_status":"closed","ping_status":"closed","template":"","meta":{"_themeisle_gutenberg_block_has_review":false,"footnotes":""},"class_list":["post-41288","page","type-page","status-publish","hentry"],"_links":{"self":[{"href":"http:\/\/sassenflagg.org\/de\/wp-json\/wp\/v2\/pages\/41288","targetHints":{"allow":["GET"]}}],"collection":[{"href":"http:\/\/sassenflagg.org\/de\/wp-json\/wp\/v2\/pages"}],"about":[{"href":"http:\/\/sassenflagg.org\/de\/wp-json\/wp\/v2\/types\/page"}],"author":[{"embeddable":true,"href":"http:\/\/sassenflagg.org\/de\/wp-json\/wp\/v2\/users\/1"}],"replies":[{"embeddable":true,"href":"http:\/\/sassenflagg.org\/de\/wp-json\/wp\/v2\/comments?post=41288"}],"version-history":[{"count":7,"href":"http:\/\/sassenflagg.org\/de\/wp-json\/wp\/v2\/pages\/41288\/revisions"}],"predecessor-version":[{"id":41391,"href":"http:\/\/sassenflagg.org\/de\/wp-json\/wp\/v2\/pages\/41288\/revisions\/41391"}],"wp:attachment":[{"href":"http:\/\/sassenflagg.org\/de\/wp-json\/wp\/v2\/media?parent=41288"}],"curies":[{"name":"wp","href":"https:\/\/api.w.org\/{rel}","templated":true}]}}