{"id":29,"date":"2019-07-02T14:42:24","date_gmt":"2019-07-02T12:42:24","guid":{"rendered":"http:\/\/sassenvlagg.plattfoorm.de\/?page_id=29"},"modified":"2025-10-11T12:34:05","modified_gmt":"2025-10-11T10:34:05","slug":"kuntakt","status":"publish","type":"page","link":"http:\/\/sassenflagg.org\/de\/kuntakt\/","title":{"rendered":"Kontakt"},"content":{"rendered":"<h1 class=\"wp-block-heading\"><\/h1>\n\n\n\n<p><\/p>\n\n\n\n<p>Wenn du Fragen zur Flagge, ihrem Gebrauch, dem Dateiformat oder der Lizenz hast, dann melde dich gerne unter:<br><strong>kuntakt@sassenflagg.org<\/strong><\/p>\n\n\n\n<p>Bei Fragen an den <a href=\"https:\/\/www.niederdeutschsekretariat.de\/\">Bundesrat f\u00fcr Niederdeutsch<\/a> wende dich auch gerne an:<br><strong>info@niederdeutschsekretariat.de<\/strong><\/p>\n\n\n\n<p>Der <em>Sassenflagg <\/em>ist urspr\u00fcnglich im Kontext der <em>Plattfoorm<\/em> erstellt worden. Schau dich auch gerne auf der Hauptseite der Plattfoorm unter <a href=\"https:\/\/plattfoorm.de\/\"><strong>www.plattfoorm.de<\/strong><\/a> um. Dort gibt es auch Informationen zur NPS-Schreibweise, die hier benutzt wird, und Lehrmaterialien, die darauf basieren.<\/p>\n\n\n\n<p><\/p>","protected":false},"excerpt":{"rendered":"<p>Wenn du Vragen to de Flagg, eer Bruuk, dat Dateiformaat oder de Lizens hest, denn mell di geern \u00fcnner:kuntakt@sassenflagg.org Bi Vragen an den Bunnsraat f\u00f6r Nedderd\u00fc\u00fctsch wenn di ook geern an:info@niederdeutschsekretariat.de De Sassenflagg is oorspr\u00fcnglich in&#8217;n Kuntext vun de Plattfoorm opstellt worrn. Kiek di ook geern op de H\u00f6\u00f6vdsied vun de Plattfoorm \u00fcnner www.plattfoorm.de \u00fcm. [&hellip;]<\/p>\n","protected":false},"author":1,"featured_media":0,"parent":0,"menu_order":0,"comment_status":"closed","ping_status":"closed","template":"","meta":{"_themeisle_gutenberg_block_has_review":false,"footnotes":""},"class_list":["post-29","page","type-page","status-publish","hentry"],"_links":{"self":[{"href":"http:\/\/sassenflagg.org\/de\/wp-json\/wp\/v2\/pages\/29","targetHints":{"allow":["GET"]}}],"collection":[{"href":"http:\/\/sassenflagg.org\/de\/wp-json\/wp\/v2\/pages"}],"about":[{"href":"http:\/\/sassenflagg.org\/de\/wp-json\/wp\/v2\/types\/page"}],"author":[{"embeddable":true,"href":"http:\/\/sassenflagg.org\/de\/wp-json\/wp\/v2\/users\/1"}],"replies":[{"embeddable":true,"href":"http:\/\/sassenflagg.org\/de\/wp-json\/wp\/v2\/comments?post=29"}],"version-history":[{"count":9,"href":"http:\/\/sassenflagg.org\/de\/wp-json\/wp\/v2\/pages\/29\/revisions"}],"predecessor-version":[{"id":41287,"href":"http:\/\/sassenflagg.org\/de\/wp-json\/wp\/v2\/pages\/29\/revisions\/41287"}],"wp:attachment":[{"href":"http:\/\/sassenflagg.org\/de\/wp-json\/wp\/v2\/media?parent=29"}],"curies":[{"name":"wp","href":"https:\/\/api.w.org\/{rel}","templated":true}]}}